{"id":4635,"date":"2019-10-21T07:35:49","date_gmt":"2019-10-21T05:35:49","guid":{"rendered":"https:\/\/shop.bantmann.de\/a-propos-de-nous\/"},"modified":"2024-11-22T15:19:17","modified_gmt":"2024-11-22T14:19:17","slug":"a-propos-de-nous","status":"publish","type":"page","link":"https:\/\/shop.bantmann.de\/fr\/a-propos-de-nous\/","title":{"rendered":"\u00c0 propos de nous"},"content":{"rendered":"<div class=\"wpb-content-wrapper\"><p>[vc_row el_class=\u00a0\u00bbmargin-top-80 mobile-margin-top-50&Prime;][vc_column width=\u00a0\u00bb1\/3&Prime;]<div class=\"nasa-title clearfix hr-type-none\"><h3 class=\"nasa-heading-title\"><span class=\"nasa-title-wrap\"><span style=\"background: #ffffff;\">\u00c0 propos de la boutique en ligne Bantmann<\/span><\/span><\/h3><\/div>[vc_column_text css=\u00a0\u00bb\u00a0\u00bb]<\/p>\n<p>Depuis plus de 10 ans, nous nous effor\u00e7ons de r\u00e9pondre toujours mieux aux besoins de nos clients en termes de produits et de services.<br \/>\nL&rsquo;ann\u00e9e 2024 est particuli\u00e8re car les \u00e9quipes et les partenaires de la soci\u00e9t\u00e9 Bantmann Trade &amp; Consulting sont d\u00e9termin\u00e9s \u00e0 faire progresser le commerce en ligne sur la plateforme www.shop.bantmann.de. Bantmann Online-Shop ou encore MEGA SHOP est une boutique en ligne de la soci\u00e9t\u00e9 Bantmann Trade &amp; Consulting, bas\u00e9e \u00e0 Essen, en Allemagne. Son offre compl\u00e8te de produits et de services permet aux clients d&rsquo;Allemagne, d&rsquo;Europe et de plusieurs pays africains tels que le Cameroun, le Gabon, le Congo, la Guin\u00e9e ou le Nigeria de b\u00e9n\u00e9ficier d&rsquo;un large choix de produits et de services. En cr\u00e9ant un compte en ligne chez Bantmann Trade &amp; Consulting, vous permettez \u00e0 la boutique en ligne de vous servir de comptoir de vente et, dans ce cas, vous cr\u00e9ez une relation de confiance avec notre service commercial. Commandez vos produits ou services dans le monde entier en vous connectant simplement \u00e0 notre boutique. Commandez vos pi\u00e8ces automobiles pour toutes les marques avec l&rsquo;avantage du contr\u00f4le qualit\u00e9 en vigueur en Allemagne. Les pi\u00e8ces de machines, les machines, les voitures d&rsquo;occasion, les installations solaires, les machines de construction, les appareils m\u00e9nagers, les meubles, les produits de soins personnels, ..etc. sont livr\u00e9s en Allemagne et dans l&rsquo;UE dans un d\u00e9lai de 2 \u00e0 5 jours ouvrables. Les livraisons au Cameroun, au Gabon, au Congo et dans la plupart des pays africains sont effectu\u00e9es par fret a\u00e9rien (3-7 jours ouvrables) et par fret maritime (3-5 semaines). Les services sont tr\u00e8s vari\u00e9s. Bantmann Trade &amp; Consulting offre un traitement rapide des dossiers. La comptabilit\u00e9 et les d\u00e9clarations fiscales sont tr\u00e8s demand\u00e9es par les petites et moyennes entreprises bas\u00e9es \u00e0 Essen comme dans le reste de l&rsquo;Allemagne. Les services consulaires sont en plein essor avec notre bureau d&rsquo;enregistrement des cartes d&rsquo;identit\u00e9 nationales et des passeports pour les ressortissants nig\u00e9rians en Allemagne.<br \/>\nLes visas de visite familiale, les visas touristiques et aussi les visas d&rsquo;affaires sont trait\u00e9s mieux et avec plus de succ\u00e8s que jamais. L&rsquo;exp\u00e9dition de voitures, de camions, de machines et de conteneurs vers l&rsquo;Afrique est rapide.<br \/>\nLe fret a\u00e9rien vers le Cameroun est moins cher et plus rapide qu&rsquo;avec les soci\u00e9t\u00e9s d&rsquo;exp\u00e9dition traditionnelles comme DHL, UPS, Chronopost, Fedex et autres. Nous vous souhaitons une bonne visite sur notre boutique en ligne.[\/vc_column_text][\/vc_column][vc_column width=\u00a0\u00bb2\/3&Prime; el_class=\u00a0\u00bbmobile-margin-top-50&Prime;]<div class=\"banner nasa-banner nasa-not-responsive\" data-wow-delay=\"0ms\" style=\"height: 553px;\"><div class=\"banner-image nasa-banner-image ns-banner-bg\" style=\"background-image: url(https:\/\/shop.bantmann.de\/images\/Top-Qualitaet-Autoteile-Bantmann-Deutschland.jpg);background-position: center center;\" data-height=\"553\" data-width=\"885\"><\/div><\/div><div class=\"banner nasa-banner nasa-not-responsive\" data-wow-delay=\"0ms\" style=\"height: 553px;\"><div class=\"banner-image nasa-banner-image ns-banner-bg\" style=\"background-image: url(https:\/\/shop.bantmann.de\/images\/Dienstleistungen-Bantmann-Deutschland-und-Weltweit.jpg);background-position: center center;\" data-height=\"553\" data-width=\"885\"><\/div><\/div>[\/vc_column][\/vc_row][vc_row el_class=\u00a0\u00bbmargin-top-50 margin-bottom-60 mobile-margin-top-40&Prime;][vc_column width=\u00a0\u00bb2\/3&Prime;]<div class=\"nasa-title clearfix hr-type-none margin-bottom-15\"><h5 class=\"nasa-heading-title\"><span class=\"nasa-title-wrap\"><span style=\"background: #ffffff;\">Que pouvons-nous faire pour vous ?<\/span><\/span><\/h5><\/div>[vc_tta_accordion][vc_tta_section title=\u00a0\u00bbAcheter des pi\u00e8ces automobiles\u00a0\u00bb tab_id=\u00a0\u00bb1564715938937-fd1c44cf-25eb\u00a0\u00bb][vc_column_text css=\u00a0\u00bb\u00a0\u00bb]<span class=\"HwtZe\" lang=\"de\"><span class=\"jCAhz ChMk0b\"><span class=\"ryNqvb\">Vous souhaitez acheter une pi\u00e8ce automobile et vous ne savez pas comment vous y prendre.<\/span><\/span> <span class=\"jCAhz ChMk0b\"><span class=\"ryNqvb\">Vous pouvez nous envoyer le num\u00e9ro de pi\u00e8ce d&rsquo;origine ou la carte grise avec photo par e-mail \u00e0 shop@bantmann.de ou par WhatsApp +49 177 324 1044. Une fois votre pi\u00e8ce identifi\u00e9e, vous recevrez un message vous demandant de confirmer votre commande. <\/span><\/span><\/span>[\/vc_column_text][\/vc_tta_section][vc_tta_section title=\u00a0\u00bbExp\u00e9dition de voitures vers l&apos;Afrique\u00a0\u00bb tab_id=\u00a0\u00bb1564715938962-289e5ac1-5ef1&Prime;][vc_column_text css=\u00a0\u00bb\u00a0\u00bb]<span class=\"HwtZe\" lang=\"de\"><span class=\"jCAhz ChMk0b\"><span class=\"ryNqvb\">Que vous soyez en France ou en Afrique et que vous souhaitiez exp\u00e9dier votre v\u00e9hicule en Afrique, il existe trois crit\u00e8res d&rsquo;exp\u00e9dition : Exp\u00e9dition ouverte, Exp\u00e9dition ouverte VIP et Exp\u00e9dition en conteneur.<\/span><\/span> <span class=\"jCAhz ChMk0b\"><span class=\"ryNqvb\">L&rsquo;envoi ouvert n&rsquo;est pas assur\u00e9, tandis que l&rsquo;envoi ouvert VIP est enti\u00e8rement assur\u00e9.<\/span><\/span> <span class=\"jCAhz ChMk0b\"><span class=\"ryNqvb\">Le choix du mode d&rsquo;exp\u00e9dition d\u00e9pend de la marque et de l&rsquo;\u00e9tat du v\u00e9hicule.<\/span><\/span> <span class=\"jCAhz ChMk0b\"><span class=\"ryNqvb\">Chez Bantmann Trade &amp; Consulting, vous pouvez facilement exp\u00e9dier votre v\u00e9hicule vers le Cameroun, le Gabon, le Congo, la Guin\u00e9e, le Nigeria et d&rsquo;autres pays africains.<\/span><\/span><\/span>[\/vc_column_text][\/vc_tta_section][vc_tta_section title=\u00a0\u00bbEnvoyer des conteneurs en Afrique\u00a0\u00bb tab_id=\u00a0\u00bb1731269823249-a5280da5-0f95&Prime;][vc_column_text css=\u00a0\u00bb\u00a0\u00bb]Oui, nous exp\u00e9dions votre conteneur en toute s\u00e9curit\u00e9 vers l&rsquo;Afrique. Quelle que soit la raison de l&rsquo;exp\u00e9dition (d\u00e9m\u00e9nagement, marchandises, groupage), nous nous chargeons de toutes les formalit\u00e9s d&rsquo;exp\u00e9dition de votre conteneur de 20 pieds ou 40 pieds avec enl\u00e8vement partout en Allemagne. D\u00e8s que l&rsquo;envoi est termin\u00e9, vous recevez les documents n\u00e9cessaires au d\u00e9douanement de votre conteneur, comme le connaissement (lettre de voiture).[\/vc_column_text][\/vc_tta_section][vc_tta_section title=\u00a0\u00bbComptabilit\u00e9 et conseil fiscal\u00a0\u00bb tab_id=\u00a0\u00bb1564715952947-bfcc193e-4e79&Prime;][vc_column_text css=\u00a0\u00bb\u00a0\u00bb]<\/p>\n<p>Vous \u00eates propri\u00e9taire d&rsquo;un fonds de commerce, d&rsquo;une petite ou d&rsquo;une grande entreprise en Allemagne, Bantmann Trade &amp; Consulting s&rsquo;occupe de votre comptabilit\u00e9 et de vos conseils fiscaux en toute transparence et sans aucune exclusion. Tous les mois ou tous les trimestres, vous recevez les BWA comptables ainsi que les proc\u00e8s-verbaux de d\u00e9claration pr\u00e9alable de TVA. Si vous venez de cr\u00e9er votre entreprise ou d&rsquo;ouvrir votre magasin, nous nous occupons des proc\u00e9dures d&rsquo;obtention du num\u00e9ro d&rsquo;identification fiscale et du num\u00e9ro de TVA, ainsi que de l&rsquo;enregistrement aupr\u00e8s de la coop\u00e9rative de votre magasin ou de votre entreprise. En fin d&rsquo;ann\u00e9e, vous recevez un rapport d&rsquo;activit\u00e9 complet ainsi que les d\u00e9clarations fiscales annuelles.[\/vc_column_text][\/vc_tta_section][vc_tta_section title=\u00a0\u00bbAcheter des marchandises en faillite\u00a0\u00bb tab_id=\u00a0\u00bb1564715950997-06db44d4-3325&Prime;][vc_column_text css=\u00a0\u00bb\u00a0\u00bb]<span class=\"HwtZe\" lang=\"de\"><span class=\"jCAhz ChMk0b\"><span class=\"ryNqvb\">Vous souhaitez acqu\u00e9rir rapidement et \u00e0 moindre co\u00fbt des marchandises d&rsquo;insolvabilit\u00e9 ou de faillite de grande qualit\u00e9 pour vous ou votre entreprise.<\/span><\/span> <span class=\"jCAhz ChMk0b\"><span class=\"ryNqvb\">Visitez r\u00e9guli\u00e8rement la cat\u00e9gorie Articles pour insolvabilit\u00e9 de cette boutique en ligne et d\u00e9couvrez nos offres exceptionnelles.  <\/span><\/span><\/span><\/p>\n<p><span class=\"HwtZe\" lang=\"de\"><span class=\"jCAhz ChMk0b\"><span class=\"ryNqvb\">Vous trouverez des machines, des v\u00e9hicules, des \u00e9quipements industriels, des \u00e9quipements et mat\u00e9riaux de bureau, des meubles, des appareils m\u00e9nagers et bien plus encore.<\/span><\/span><\/span><\/p>\n<p><span class=\"HwtZe\" lang=\"de\"><span class=\"jCAhz ChMk0b\"><span class=\"ryNqvb\">Une fois que vous avez pass\u00e9 votre commande, nous garantissons la livraison en France dans un d\u00e9lai de 2 \u00e0 5 jours ouvrables.  <\/span><\/span><\/span><\/p>\n<p><span class=\"HwtZe\" lang=\"de\"><span class=\"jCAhz ChMk0b\"><span class=\"ryNqvb\"><strong>Important<\/strong>: les marchandises en faillite ne sont ni rembours\u00e9es, ni \u00e9chang\u00e9es, ni retourn\u00e9es et le paiement autoris\u00e9 est effectu\u00e9 par virement bancaire.<br \/>\n<\/span><\/span><\/span>[\/vc_column_text][\/vc_tta_section][vc_tta_section title=\u00a0\u00bbVisas, passeports et entr\u00e9e dans le pays\u00a0\u00bb tab_id=\u00a0\u00bb1564715952035-b596446a-6e70&Prime;][vc_column_text css=\u00a0\u00bb\u00a0\u00bb]N&rsquo;attendez pas le dernier moment pour entamer les formalit\u00e9s de votre voyage ou de votre s\u00e9jour. Bantmann Trade &amp; Consulting propose une s\u00e9rie de services consulaires, tels que B :<br \/>\n&#8211; Demande de visa pour le Royaume-Uni (GB)<br \/>\n&#8211; Demande de visa pour la Turquie<br \/>\n&#8211; Demande de visa pour une visite familiale en Afrique<br \/>\n&#8211; Demande de visa touristique en Afrique<br \/>\n&#8211; Demande de visa d&rsquo;affaires en Afrique<br \/>\n&#8211; Lettre d&rsquo;invitation pour un visa du Nigeria<br \/>\n&#8211; Demande de carte d&rsquo;identit\u00e9 nig\u00e9riane (NIN)<br \/>\n&#8211; Demande et prise de rendez-vous pour le passeport nig\u00e9rian<br \/>\n&#8211; Demande et prise de rendez-vous pour le passeport camerounais<br \/>\n&#8211; R\u00e9servation d&rsquo;h\u00f4tel pour le visa<br \/>\n&#8211; R\u00e9servation de billet d&rsquo;avion pour le visa[\/vc_column_text][\/vc_tta_section][\/vc_tta_accordion][\/vc_column][vc_column width=\u00a0\u00bb1\/12&Prime;][vc_empty_space height=\u00a0\u00bb1px\u00a0\u00bb][\/vc_column][vc_column width=\u00a0\u00bb1\/4&Prime; el_class=\u00a0\u00bbmobile-margin-top-40&Prime;][vc_column_text css=\u00a0\u00bb\u00a0\u00bb]<\/p>\n<h5 style=\"font-weight: 900;\">Heures d&rsquo;ouverture | Bureau \u00e0 Essen<\/h5>\n<table style=\"font-weight: 600;\">\n<tbody>\n<tr>\n<td>Lundi :<\/td>\n<td class=\"text-right\">10:00-17:00<\/td>\n<\/tr>\n<tr>\n<td>Mardi :<\/td>\n<td class=\"text-right\">10:00-17:00<\/td>\n<\/tr>\n<tr>\n<td>Mercredi :<\/td>\n<td class=\"text-right\">10:00-17:00<\/td>\n<\/tr>\n<tr>\n<td>Jeudi :<\/td>\n<td class=\"text-right\">10:00-17:00<\/td>\n<\/tr>\n<tr>\n<td>Vendredi :<\/td>\n<td class=\"text-right\">10:00-17:00<\/td>\n<\/tr>\n<tr>\n<td>Samedi :<\/td>\n<td class=\"text-right\">10:00-17:00<\/td>\n<\/tr>\n<tr>\n<td>Dimanche :<\/td>\n<td class=\"text-right\">Ferm\u00e9<\/td>\n<\/tr>\n<\/tbody>\n<\/table>\n<p>[\/vc_column_text][vc_column_text css=\u00a0\u00bb\u00a0\u00bb el_class=\u00a0\u00bbmargin-top-50 mobile-margin-top-20&Prime;]<\/p>\n<h5 style=\"font-weight: 900;\">Offres d&#8217;emploi<\/h5>\n<p style=\"font-weight: 600;\"><span class=\"HwtZe\" lang=\"de\"><span class=\"jCAhz ChMk0b\"><span class=\"ryNqvb\">Si vous \u00eates int\u00e9ress\u00e9 par des offres d&#8217;emploi chez Bantmann Trade &amp; Consulting, veuillez nous envoyer un e-mail \u00e0 : info@bantmann.de<\/span><\/span><\/span><\/p>\n<p>[\/vc_column_text][\/vc_column][\/vc_row][vc_row el_class=\u00a0\u00bbmargin-bottom-80 mobile-margin-bottom-60&Prime;][vc_column]<div class=\"nasa-title clearfix hr-type-none text-center desktop-margin-bottom-40\"><h3 class=\"nasa-heading-title\"><span class=\"nasa-title-wrap\"><span style=\"background: #ffffff;\">Notre \u00e9quipe de direction<\/span><\/span><\/h3><\/div>[vc_row_inner][vc_column_inner width=\u00a0\u00bb1\/5&Prime;]<div class=\"team-member member-type-1 \"><div class=\"member-image\"><img decoding=\"async\" src=\"https:\/\/shop.bantmann.de\/images\/2019\/10\/210x210.jpg\" alt=\"THOMAS SNOW\"  \/><\/div><div class=\"clear\"><\/div><div class=\"member-details\"><h3>THOMAS SNOW<\/h3><h3 class=\"member-position\">CEO\/founder<\/h3><p class=\"member-desciption\"><\/p><\/div><\/div>[\/vc_column_inner][vc_column_inner width=\u00a0\u00bb1\/5&Prime;]<div class=\"team-member member-type-1 \"><div class=\"member-image\"><img decoding=\"async\" src=\"https:\/\/shop.bantmann.de\/images\/2019\/10\/210x210.jpg\" alt=\"PAMELA DOE\"  \/><\/div><div class=\"clear\"><\/div><div class=\"member-details\"><h3>PAMELA DOE<\/h3><h3 class=\"member-position\">CEO\/founder<\/h3><p class=\"member-desciption\"><\/p><\/div><\/div>[\/vc_column_inner][vc_column_inner width=\u00a0\u00bb1\/5&Prime;]<div class=\"team-member member-type-1 \"><div class=\"member-image\"><img decoding=\"async\" src=\"https:\/\/shop.bantmann.de\/images\/2019\/10\/210x210.jpg\" alt=\"MIRINDA\"  \/><\/div><div class=\"clear\"><\/div><div class=\"member-details\"><h3>MIRINDA<\/h3><h3 class=\"member-position\">Accountant<\/h3><p class=\"member-desciption\"><\/p><\/div><\/div>[\/vc_column_inner][vc_column_inner width=\u00a0\u00bb1\/5&Prime;]<div class=\"team-member member-type-1 \"><div class=\"member-image\"><img decoding=\"async\" src=\"https:\/\/shop.bantmann.de\/images\/2019\/10\/210x210.jpg\" alt=\"JONE DOE\"  \/><\/div><div class=\"clear\"><\/div><div class=\"member-details\"><h3>JONE DOE<\/h3><h3 class=\"member-position\">Developer<\/h3><p class=\"member-desciption\"><\/p><\/div><\/div>[\/vc_column_inner][vc_column_inner width=\u00a0\u00bb1\/5&Prime;]<div class=\"team-member member-type-1 \"><div class=\"member-image\"><img decoding=\"async\" src=\"https:\/\/shop.bantmann.de\/images\/2019\/10\/210x210.jpg\" alt=\"NICH KON\"  \/><\/div><div class=\"clear\"><\/div><div class=\"member-details\"><h3>NICH KON<\/h3><h3 class=\"member-position\">Delivery Driver<\/h3><p class=\"member-desciption\"><\/p><\/div><\/div>[\/vc_column_inner][\/vc_row_inner][\/vc_column][\/vc_row]<\/p>\n<\/div>","protected":false},"excerpt":{"rendered":"<p>[vc_row el_class=\u00a0\u00bbmargin-top-80 mobile-margin-top-50&Prime;][vc_column width=\u00a0\u00bb1\/3&Prime;][vc_column_text css=\u00a0\u00bb\u00a0\u00bb] Depuis plus de 10 ans, nous nous effor\u00e7ons de r\u00e9pondre toujours mieux aux besoins de nos clients en termes de produits et de services. L&rsquo;ann\u00e9e 2024 est particuli\u00e8re car les \u00e9quipes et les partenaires de la soci\u00e9t\u00e9 Bantmann Trade &amp; Consulting sont d\u00e9termin\u00e9s \u00e0 faire progresser le commerce en ligne [&hellip;]<\/p>\n","protected":false},"author":1,"featured_media":0,"parent":0,"menu_order":0,"comment_status":"closed","ping_status":"closed","template":"page-visual-composer.php","meta":{"footnotes":""},"class_list":["post-4635","page","type-page","status-publish","hentry"],"acf":[],"_links":{"self":[{"href":"https:\/\/shop.bantmann.de\/fr\/wp-json\/wp\/v2\/pages\/4635","targetHints":{"allow":["GET"]}}],"collection":[{"href":"https:\/\/shop.bantmann.de\/fr\/wp-json\/wp\/v2\/pages"}],"about":[{"href":"https:\/\/shop.bantmann.de\/fr\/wp-json\/wp\/v2\/types\/page"}],"author":[{"embeddable":true,"href":"https:\/\/shop.bantmann.de\/fr\/wp-json\/wp\/v2\/users\/1"}],"replies":[{"embeddable":true,"href":"https:\/\/shop.bantmann.de\/fr\/wp-json\/wp\/v2\/comments?post=4635"}],"version-history":[{"count":10,"href":"https:\/\/shop.bantmann.de\/fr\/wp-json\/wp\/v2\/pages\/4635\/revisions"}],"predecessor-version":[{"id":4677,"href":"https:\/\/shop.bantmann.de\/fr\/wp-json\/wp\/v2\/pages\/4635\/revisions\/4677"}],"wp:attachment":[{"href":"https:\/\/shop.bantmann.de\/fr\/wp-json\/wp\/v2\/media?parent=4635"}],"curies":[{"name":"wp","href":"https:\/\/api.w.org\/{rel}","templated":true}]}}