{"id":4781,"date":"2024-11-17T21:52:43","date_gmt":"2024-11-17T20:52:43","guid":{"rendered":"https:\/\/shop.bantmann.de\/visa-pour-le-nigeria-f7h\/"},"modified":"2024-12-18T09:47:52","modified_gmt":"2024-12-18T08:47:52","slug":"visa-pour-le-nigeria-f7h","status":"publish","type":"product","link":"https:\/\/shop.bantmann.de\/fr\/produit\/visa-pour-le-nigeria-f7h\/","title":{"rendered":"Visa pour le Nigeria F7H"},"content":{"rendered":"<div class=\"wpb-content-wrapper\"><p>[vc_row][vc_column][vc_column_text css=\u00a0\u00bb\u00a0\u00bb]<\/p>\n<h2>F7H &#8211; Programme d&rsquo;\u00e9change acad\u00e9mique (AEP) Visa<\/h2>\n<p>Le visa F7H est un visa pour un programme d&rsquo;\u00e9change acad\u00e9mique (AEP) d\u00e9livr\u00e9 aux ressortissants \u00e9trangers qui souhaitent se rendre au Nigeria dans le cadre d&rsquo;un programme d&rsquo;\u00e9change acad\u00e9mique. Il s&rsquo;agit d&rsquo;un visa \u00e0 entr\u00e9e unique.<\/p>\n<h2>F7H &#8211; Programme d&rsquo;\u00e9change acad\u00e9mique (AEP) Visa<\/h2>\n<p>Le visa F7H est un visa pour un programme d&rsquo;\u00e9change acad\u00e9mique (AEP) d\u00e9livr\u00e9 aux ressortissants \u00e9trangers qui souhaitent se rendre au Nigeria dans le cadre d&rsquo;un programme d&rsquo;\u00e9change acad\u00e9mique. Il s&rsquo;agit d&rsquo;un visa \u00e0 entr\u00e9e unique.<\/p>\n<p><strong>F7H &#8211; Exigences<\/strong><\/p>\n<ol>\n<li>Lettre d&rsquo;une institution reconnue au Nigeria<\/li>\n<li>Formulaire de demande de visa ;<\/li>\n<li>Un passeport ;<\/li>\n<li>Photo d&rsquo;identit\u00e9 ;<\/li>\n<li>Preuve du paiement des frais de visa, le cas \u00e9ch\u00e9ant ;<\/li>\n<li>Preuve d&rsquo;un billet d&rsquo;avion retour ;<\/li>\n<li>Preuve de la r\u00e9servation d&rsquo;h\u00f4tel\/adresse de l&rsquo;h\u00f4te au Nigeria ;<\/li>\n<li>Prouver que vous disposez de ressources financi\u00e8res suffisantes sans recourir \u00e0 des fonds publics.<\/li>\n<\/ol>\n<p><strong>F7H &#8211; Proc\u00e9dure de demande et autres conditions chez Bantmann<br \/>\n<\/strong><\/p>\n<ol>\n<li>Commander la demande de visa et effectuer le paiement<\/li>\n<li>Bantmann Trade &amp; Consulting pr\u00e9pare votre demande et soumet vos documents requis pour le visa F7H au NIS (Nigeria Immigration Services).<\/li>\n<li>Bantmann Trade &amp; Consulting vous donne rendez-vous dans le centre de demande de visa de votre choix.<\/li>\n<li>Le visa F7H n&rsquo;est pas autoris\u00e9 \u00e0 des fins de travail ou de scolarit\u00e9.<\/li>\n<li>Le visa F7H n&rsquo;est valable que 30 jours \u00e0 compter de la date de d\u00e9livrance \u00e0 la mission.<\/li>\n<\/ol>\n<p>[\/vc_column_text][\/vc_column][\/vc_row]<\/p>\n<\/div>","protected":false},"excerpt":{"rendered":"<h2>F7H &#8211; Programme d&rsquo;\u00e9change acad\u00e9mique (AEP) Visa<\/h2>\n<p>Apr\u00e8s avoir pass\u00e9 votre commande, vous recevrez de notre part<\/p>\n<ol>\n<li>Une demande de visa approuv\u00e9e ;<\/li>\n<li>Preuve du paiement des frais de visa, le cas \u00e9ch\u00e9ant ;<\/li>\n<li>Un rendez-vous \u00e0 l&rsquo;ambassade ou au consulat nig\u00e9rian de votre choix ;<\/li>\n<\/ol>\n","protected":false},"featured_media":4384,"comment_status":"open","ping_status":"closed","template":"","meta":[],"product_cat":[618,617,619],"product_tag":[620,621],"class_list":{"0":"post-4781","1":"product","2":"type-product","3":"status-publish","4":"has-post-thumbnail","6":"product_cat-carte-didentite-du-nigeria-nin","7":"product_cat-passeport-nigeria","8":"product_cat-visa-nigeria-fr","9":"product_tag-visa-nigeria-fr","10":"product_tag-visas-nigeria","11":"product_brand-nis-nigeria-immigration-service","13":"first","14":"instock","15":"virtual","16":"purchasable","17":"product-type-simple"},"acf":[],"_links":{"self":[{"href":"https:\/\/shop.bantmann.de\/fr\/wp-json\/wp\/v2\/product\/4781","targetHints":{"allow":["GET"]}}],"collection":[{"href":"https:\/\/shop.bantmann.de\/fr\/wp-json\/wp\/v2\/product"}],"about":[{"href":"https:\/\/shop.bantmann.de\/fr\/wp-json\/wp\/v2\/types\/product"}],"replies":[{"embeddable":true,"href":"https:\/\/shop.bantmann.de\/fr\/wp-json\/wp\/v2\/comments?post=4781"}],"wp:featuredmedia":[{"embeddable":true,"href":"https:\/\/shop.bantmann.de\/fr\/wp-json\/wp\/v2\/media\/4384"}],"wp:attachment":[{"href":"https:\/\/shop.bantmann.de\/fr\/wp-json\/wp\/v2\/media?parent=4781"}],"wp:term":[{"taxonomy":"product_cat","embeddable":true,"href":"https:\/\/shop.bantmann.de\/fr\/wp-json\/wp\/v2\/product_cat?post=4781"},{"taxonomy":"product_tag","embeddable":true,"href":"https:\/\/shop.bantmann.de\/fr\/wp-json\/wp\/v2\/product_tag?post=4781"}],"curies":[{"name":"wp","href":"https:\/\/api.w.org\/{rel}","templated":true}]}}